{"id":70,"date":"2014-08-20T10:54:32","date_gmt":"2014-08-20T08:54:32","guid":{"rendered":"http:\/\/arnowilhelm.wordpress.com\/?page_id=70"},"modified":"2018-09-27T09:07:50","modified_gmt":"2018-09-27T09:07:50","slug":"babypoesie","status":"publish","type":"page","link":"https:\/\/www.arno-wilhelm.de\/?page_id=70","title":{"rendered":"BABYPOesie"},"content":{"rendered":"<p><img loading=\"lazy\" decoding=\"async\" class=\"alignnone size-medium wp-image-860\" src=\"http:\/\/www.arno-wilhelm.de\/wp-content\/uploads\/2018\/09\/Arno-Wilhelm-BABYPOesie-300x300.png\" alt=\"\" width=\"300\" height=\"300\" srcset=\"https:\/\/www.arno-wilhelm.de\/wp-content\/uploads\/2018\/09\/Arno-Wilhelm-BABYPOesie-300x300.png 300w, https:\/\/www.arno-wilhelm.de\/wp-content\/uploads\/2018\/09\/Arno-Wilhelm-BABYPOesie-150x150.png 150w, https:\/\/www.arno-wilhelm.de\/wp-content\/uploads\/2018\/09\/Arno-Wilhelm-BABYPOesie-100x100.png 100w, https:\/\/www.arno-wilhelm.de\/wp-content\/uploads\/2018\/09\/Arno-Wilhelm-BABYPOesie.png 499w\" sizes=\"auto, (max-width: 300px) 100vw, 300px\" \/><\/p>\n<p>Im Juli 2013 erblickte mein dritter Gedichtband\u00a0<strong>&#8222;BABYPOesie &#8211; Gedichte mit Bauchzwerg<\/strong>&#8220; das Licht der Welt. Wie auch schon der Roman ist er bei\u00a0<a href=\"http:\/\/www.periplaneta.com\/\">Periplaneta<\/a>\u00a0erschienen. Es ist der erste Gedichtband, der einem klaren Thema folgt und keine reine Textsammlung ist. Das Buch enth\u00e4lt Gedichte \u00fcber den Kinderwunsch, das Ticken der biologischen Uhr, Schwangerschaftstests (im positiven wie im negativen Sinne), \u00fcber die Zeit der Schwangerschaft, den Geburtsvorbereitungskurs, das Wochenbett und die Stillzeit. Es war mir eine gro\u00dfe Freude all das zu durchleben und ich hoffe, euch werden die Gedichte gefallen.<br \/>\nWer Facebook-Seiten mag, der m\u00f6ge bitte\u00a0<a href=\"https:\/\/www.facebook.com\/babypoesie\">diesem Link folgen<\/a>.<\/p>\n<p>Der Gedichtband ist als Taschenbuch erschienen und kostet 10 \u20ac.<\/p>\n<p>&nbsp;<\/p>\n<p>Es sind 73 Gedichte auf 118 Seiten. F\u00fcr das wunderh\u00fcbsche Cover und die Kapitelillustrationen zeichnet sich\u00a0Nicole Altenhoff\u00a0verantwortlich und ich bin ihr sehr sehr dankbar daf\u00fcr. Sieht das Buch nicht gro\u00dfartig aus?.<\/p>\n<p><img loading=\"lazy\" decoding=\"async\" src=\"http:\/\/www.assoc-amazon.de\/e\/ir?t=arnowilh-21&amp;l=as2&amp;o=3&amp;a=3842376103\" alt=\"\" width=\"1\" height=\"1\" border=\"0\" \/><\/p>\n<hr \/>\n<p>Hier ein Gedicht aus dem letzten Kapitel des Buches.<br \/>\nEs hei\u00dft &#8222;Tr\u00e4umer&#8220;:<\/p>\n<p>Er tr\u00e4umt und zappelt mit den H\u00e4nden<br \/>\ndie Augen, die Verz\u00fcckung spenden<br \/>\nsind nun schon lange fest verschlossen<br \/>\ndoch er strampelt unverdrossen<\/p>\n<p>Ob er Berge grad besteigt?<br \/>\nTigern linke Haken zeigt?<br \/>\nVon riesengro\u00dfen Br\u00fcsten tr\u00e4umt?<br \/>\nVon Milch, die wogend \u00fcbersch\u00e4umt?<br \/>\nVon Hawaii und Cocktails schl\u00fcrfen<br \/>\nVon dem was die Erwachsenen d\u00fcrfen?<br \/>\nRock\u2019n\u2019Roll und Party-Leben?<br \/>\nFeiern, Tanzen, Geld ausgeben?<\/p>\n<p>Leider, leider wei\u00df ich\u2019s nicht<br \/>\ndoch schau mal da in sein Gesicht<br \/>\ner lacht im Schlaf in sich hinein<br \/>\nes m\u00fcssen wohl doch Br\u00fcste sein<\/p>\n","protected":false},"excerpt":{"rendered":"<p>Im Juli 2013 erblickte mein dritter Gedichtband\u00a0&#8222;BABYPOesie &#8211; Gedichte mit Bauchzwerg&#8220; das Licht der Welt. Wie auch schon der Roman ist er bei\u00a0Periplaneta\u00a0erschienen. Es ist der erste Gedichtband, der einem klaren Thema folgt und keine reine Textsammlung ist. Das Buch enth\u00e4lt Gedichte \u00fcber den Kinderwunsch, das Ticken der biologischen Uhr, Schwangerschaftstests (im positiven wie im &hellip; <\/p>\n<p class=\"link-more\"><a href=\"https:\/\/www.arno-wilhelm.de\/?page_id=70\" class=\"more-link\"><span class=\"screen-reader-text\">\u201eBABYPOesie\u201c<\/span> weiterlesen<\/a><\/p>\n","protected":false},"author":1,"featured_media":0,"parent":6,"menu_order":0,"comment_status":"open","ping_status":"open","template":"","meta":{"footnotes":""},"class_list":["post-70","page","type-page","status-publish","hentry"],"_links":{"self":[{"href":"https:\/\/www.arno-wilhelm.de\/index.php?rest_route=\/wp\/v2\/pages\/70","targetHints":{"allow":["GET"]}}],"collection":[{"href":"https:\/\/www.arno-wilhelm.de\/index.php?rest_route=\/wp\/v2\/pages"}],"about":[{"href":"https:\/\/www.arno-wilhelm.de\/index.php?rest_route=\/wp\/v2\/types\/page"}],"author":[{"embeddable":true,"href":"https:\/\/www.arno-wilhelm.de\/index.php?rest_route=\/wp\/v2\/users\/1"}],"replies":[{"embeddable":true,"href":"https:\/\/www.arno-wilhelm.de\/index.php?rest_route=%2Fwp%2Fv2%2Fcomments&post=70"}],"version-history":[{"count":6,"href":"https:\/\/www.arno-wilhelm.de\/index.php?rest_route=\/wp\/v2\/pages\/70\/revisions"}],"predecessor-version":[{"id":862,"href":"https:\/\/www.arno-wilhelm.de\/index.php?rest_route=\/wp\/v2\/pages\/70\/revisions\/862"}],"up":[{"embeddable":true,"href":"https:\/\/www.arno-wilhelm.de\/index.php?rest_route=\/wp\/v2\/pages\/6"}],"wp:attachment":[{"href":"https:\/\/www.arno-wilhelm.de\/index.php?rest_route=%2Fwp%2Fv2%2Fmedia&parent=70"}],"curies":[{"name":"wp","href":"https:\/\/api.w.org\/{rel}","templated":true}]}}