{"id":66,"date":"2014-08-20T10:53:19","date_gmt":"2014-08-20T08:53:19","guid":{"rendered":"http:\/\/arnowilhelm.wordpress.com\/?page_id=66"},"modified":"2018-09-27T09:10:42","modified_gmt":"2018-09-27T09:10:42","slug":"ich-und-mein-kleines-luxusproblem","status":"publish","type":"page","link":"https:\/\/www.arno-wilhelm.de\/?page_id=66","title":{"rendered":"Ich und mein kleines Luxusproblem"},"content":{"rendered":"<p><img loading=\"lazy\" decoding=\"async\" class=\"alignnone size-medium wp-image-863\" src=\"http:\/\/www.arno-wilhelm.de\/wp-content\/uploads\/2018\/09\/Arno-Wilhelm-Ich-und-mein-kleines-Luxusproblem-300x300.png\" alt=\"\" width=\"300\" height=\"300\" srcset=\"https:\/\/www.arno-wilhelm.de\/wp-content\/uploads\/2018\/09\/Arno-Wilhelm-Ich-und-mein-kleines-Luxusproblem-300x300.png 300w, https:\/\/www.arno-wilhelm.de\/wp-content\/uploads\/2018\/09\/Arno-Wilhelm-Ich-und-mein-kleines-Luxusproblem-150x150.png 150w, https:\/\/www.arno-wilhelm.de\/wp-content\/uploads\/2018\/09\/Arno-Wilhelm-Ich-und-mein-kleines-Luxusproblem-100x100.png 100w, https:\/\/www.arno-wilhelm.de\/wp-content\/uploads\/2018\/09\/Arno-Wilhelm-Ich-und-mein-kleines-Luxusproblem.png 499w\" sizes=\"auto, (max-width: 300px) 100vw, 300px\" \/><\/p>\n<p>Im Fr\u00fchjahr 2012 ist mein zweiter Gedichtband\u00a0<strong>&#8222;Ich und mein kleines Luxusproblem<\/strong>&#8220; erschienen, der die Texte von Ende 2010 bis Anfang 2012 umfasst. Auch dieser Gedichtband erscheint im Leonhard-Thurneysser Verlag. Da ich beim ersten Gedichtband \u00f6fter angesprochen wurde, warum er nicht auch im normalen Amazon-Verkauf und in gro\u00dfen Buchhandlungen wie Thalia zu kaufen w\u00e4re, wird dieser Gedichtband \u00fcber Books On Demand vertrieben, damit er auch wirklich bei allen Buchh\u00e4ndlern und \u00fcberall im Online-Handel k\u00e4uflich zu erwerben ist.<\/p>\n<p>Der Gedichtband kostet 7 \u20ac und kann \u00fcber Amazon und in jeder Buchhandlung bestellt werden.<\/p>\n<p>Er enth\u00e4lt unter anderem einen Text \u00fcber Angst, der auf den Namen\u00a0<a href=\"http:\/\/youtu.be\/Ep2hjtlCtF8\">Horst<\/a>\u00a0h\u00f6rt, eine Kurzgeschichte \u00fcber die Zukunft namens\u00a0<a href=\"http:\/\/youtu.be\/2jhENj3LORQ\">2084<\/a>, einen Text namens\u00a0<a href=\"http:\/\/youtu.be\/YAYQaN5e6ec\">Meine Bitte<\/a>, der einer Freundin von mir gewidmet ist, die Mukoviszidose hat, einen politischen Text \u00fcber Arbeitspl\u00e4tze namens Vollbesch\u00e4ftigung\u00a0und einen ganzen Haufen\u00a0Genesungslyrik, der w\u00e4hrend meiner Kur in der Ostseeklinik Prerow entstanden ist.<\/p>\n<p>Insgesamt sind es 60 Gedichte und 1 Kurzgeschichte. Mit ganz wunderbaren Illustrationen, die\u00a0<a href=\"http:\/\/stuffidrewwhilemeeting.blogspot.com\/\">Karsten Lampe<\/a>\u00a0angefertigt hat.<img loading=\"lazy\" decoding=\"async\" src=\"http:\/\/www.assoc-amazon.de\/e\/ir?t=arnowilh-21&amp;l=as2&amp;o=3&amp;a=3842376103\" alt=\"\" width=\"1\" height=\"1\" border=\"0\" \/><\/p>\n","protected":false},"excerpt":{"rendered":"<p>Im Fr\u00fchjahr 2012 ist mein zweiter Gedichtband\u00a0&#8222;Ich und mein kleines Luxusproblem&#8220; erschienen, der die Texte von Ende 2010 bis Anfang 2012 umfasst. Auch dieser Gedichtband erscheint im Leonhard-Thurneysser Verlag. Da ich beim ersten Gedichtband \u00f6fter angesprochen wurde, warum er nicht auch im normalen Amazon-Verkauf und in gro\u00dfen Buchhandlungen wie Thalia zu kaufen w\u00e4re, wird dieser &hellip; <\/p>\n<p class=\"link-more\"><a href=\"https:\/\/www.arno-wilhelm.de\/?page_id=66\" class=\"more-link\"><span class=\"screen-reader-text\">\u201eIch und mein kleines Luxusproblem\u201c<\/span> weiterlesen<\/a><\/p>\n","protected":false},"author":1,"featured_media":0,"parent":6,"menu_order":0,"comment_status":"open","ping_status":"open","template":"","meta":{"footnotes":""},"class_list":["post-66","page","type-page","status-publish","hentry"],"_links":{"self":[{"href":"https:\/\/www.arno-wilhelm.de\/index.php?rest_route=\/wp\/v2\/pages\/66","targetHints":{"allow":["GET"]}}],"collection":[{"href":"https:\/\/www.arno-wilhelm.de\/index.php?rest_route=\/wp\/v2\/pages"}],"about":[{"href":"https:\/\/www.arno-wilhelm.de\/index.php?rest_route=\/wp\/v2\/types\/page"}],"author":[{"embeddable":true,"href":"https:\/\/www.arno-wilhelm.de\/index.php?rest_route=\/wp\/v2\/users\/1"}],"replies":[{"embeddable":true,"href":"https:\/\/www.arno-wilhelm.de\/index.php?rest_route=%2Fwp%2Fv2%2Fcomments&post=66"}],"version-history":[{"count":4,"href":"https:\/\/www.arno-wilhelm.de\/index.php?rest_route=\/wp\/v2\/pages\/66\/revisions"}],"predecessor-version":[{"id":864,"href":"https:\/\/www.arno-wilhelm.de\/index.php?rest_route=\/wp\/v2\/pages\/66\/revisions\/864"}],"up":[{"embeddable":true,"href":"https:\/\/www.arno-wilhelm.de\/index.php?rest_route=\/wp\/v2\/pages\/6"}],"wp:attachment":[{"href":"https:\/\/www.arno-wilhelm.de\/index.php?rest_route=%2Fwp%2Fv2%2Fmedia&parent=66"}],"curies":[{"name":"wp","href":"https:\/\/api.w.org\/{rel}","templated":true}]}}