{"id":638,"date":"2017-01-10T10:43:06","date_gmt":"2017-01-10T09:43:06","guid":{"rendered":"https:\/\/arnowilhelm.wordpress.com\/?page_id=638"},"modified":"2018-09-27T09:01:40","modified_gmt":"2018-09-27T09:01:40","slug":"ich-waer-gern-ein-pandabaer","status":"publish","type":"page","link":"https:\/\/www.arno-wilhelm.de\/?page_id=638","title":{"rendered":"Ich w\u00e4r gern ein Pandab\u00e4r"},"content":{"rendered":"<p><img loading=\"lazy\" decoding=\"async\" class=\"alignnone size-medium wp-image-852\" src=\"http:\/\/www.arno-wilhelm.de\/wp-content\/uploads\/2018\/09\/Arno-Wilhelm-Ich-w\u00e4r-gern-ein-Pandab\u00e4r-300x300.png\" alt=\"\" width=\"300\" height=\"300\" srcset=\"https:\/\/www.arno-wilhelm.de\/wp-content\/uploads\/2018\/09\/Arno-Wilhelm-Ich-w\u00e4r-gern-ein-Pandab\u00e4r-300x300.png 300w, https:\/\/www.arno-wilhelm.de\/wp-content\/uploads\/2018\/09\/Arno-Wilhelm-Ich-w\u00e4r-gern-ein-Pandab\u00e4r-150x150.png 150w, https:\/\/www.arno-wilhelm.de\/wp-content\/uploads\/2018\/09\/Arno-Wilhelm-Ich-w\u00e4r-gern-ein-Pandab\u00e4r-100x100.png 100w, https:\/\/www.arno-wilhelm.de\/wp-content\/uploads\/2018\/09\/Arno-Wilhelm-Ich-w\u00e4r-gern-ein-Pandab\u00e4r.png 499w\" sizes=\"auto, (max-width: 300px) 100vw, 300px\" \/><\/p>\n<p style=\"text-align: left;\">2016 ist mein aktueller Gedichtband erschienen. Er h\u00f6rt auf den h\u00fcbschen Namen &#8222;Ich w\u00e4r gern ein Pandab\u00e4r&#8220; und kann als Taschenbuch f\u00fcr 5 \u20ac oder eBook f\u00fcr noch ein wenig weniger erworben werden. Er enth\u00e4lt sechs Kapitel, vollgepackt mit Gedichten und einen Anhang mit in Gedichtform gebrachten Ausz\u00fcgen meines Romans <a href=\"http:\/\/blog.arno-wilhelm.de\/?page_id=68\">Jack Rodman &#8211; die ganze Wahrheit<\/a>.<\/p>\n","protected":false},"excerpt":{"rendered":"<p>2016 ist mein aktueller Gedichtband erschienen. Er h\u00f6rt auf den h\u00fcbschen Namen &#8222;Ich w\u00e4r gern ein Pandab\u00e4r&#8220; und kann als Taschenbuch f\u00fcr 5 \u20ac oder eBook f\u00fcr noch ein wenig weniger erworben werden. Er enth\u00e4lt sechs Kapitel, vollgepackt mit Gedichten und einen Anhang mit in Gedichtform gebrachten Ausz\u00fcgen meines Romans Jack Rodman &#8211; die ganze &hellip; <\/p>\n<p class=\"link-more\"><a href=\"https:\/\/www.arno-wilhelm.de\/?page_id=638\" class=\"more-link\"><span class=\"screen-reader-text\">\u201eIch w\u00e4r gern ein Pandab\u00e4r\u201c<\/span> weiterlesen<\/a><\/p>\n","protected":false},"author":1,"featured_media":0,"parent":0,"menu_order":0,"comment_status":"closed","ping_status":"closed","template":"","meta":{"footnotes":""},"class_list":["post-638","page","type-page","status-publish","hentry"],"_links":{"self":[{"href":"https:\/\/www.arno-wilhelm.de\/index.php?rest_route=\/wp\/v2\/pages\/638","targetHints":{"allow":["GET"]}}],"collection":[{"href":"https:\/\/www.arno-wilhelm.de\/index.php?rest_route=\/wp\/v2\/pages"}],"about":[{"href":"https:\/\/www.arno-wilhelm.de\/index.php?rest_route=\/wp\/v2\/types\/page"}],"author":[{"embeddable":true,"href":"https:\/\/www.arno-wilhelm.de\/index.php?rest_route=\/wp\/v2\/users\/1"}],"replies":[{"embeddable":true,"href":"https:\/\/www.arno-wilhelm.de\/index.php?rest_route=%2Fwp%2Fv2%2Fcomments&post=638"}],"version-history":[{"count":9,"href":"https:\/\/www.arno-wilhelm.de\/index.php?rest_route=\/wp\/v2\/pages\/638\/revisions"}],"predecessor-version":[{"id":853,"href":"https:\/\/www.arno-wilhelm.de\/index.php?rest_route=\/wp\/v2\/pages\/638\/revisions\/853"}],"wp:attachment":[{"href":"https:\/\/www.arno-wilhelm.de\/index.php?rest_route=%2Fwp%2Fv2%2Fmedia&parent=638"}],"curies":[{"name":"wp","href":"https:\/\/api.w.org\/{rel}","templated":true}]}}