{"id":6,"date":"2014-08-19T13:21:01","date_gmt":"2014-08-19T11:21:01","guid":{"rendered":"http:\/\/arnowilhelm.wordpress.com\/?page_id=6"},"modified":"2023-09-09T04:52:40","modified_gmt":"2023-09-09T04:52:40","slug":"bucher","status":"publish","type":"page","link":"https:\/\/www.arno-wilhelm.de\/?page_id=6","title":{"rendered":"B\u00fccher"},"content":{"rendered":"<h3> Romane <\/h3>\n<ul>\n<li><a href=\"https:\/\/www.arno-wilhelm.de\/?p=1196\">Todsicher verschl\u00fcsselt<\/a><\/li>\n<li><a href=\"http:\/\/www.arno-wilhelm.de\/?page_id=905\" rel=\"noopener\">Was man so alles tut kurz vor dem Weltuntergang<\/a><\/li>\n<li><a href=\"http:\/\/blog.arno-wilhelm.de\/?page_id=68\" rel=\"noopener\">Jack Rodman &#8211; die ganze Wahrheit<\/a><\/li>\n<\/ul>\n<h3> Gedichtb\u00e4nde <\/h3>\n<ul>\n<li><a href=\"https:\/\/amzn.eu\/d\/aaMtJPC\" rel=\"noopener\" target=\"_blank\">Intelligente Toaster<\/a><\/li>\n<li>Hackfleisch und Zwiebel sind von der Form zumeist Igel<\/li>\n<li>Ich w\u00e4r gern ein Pandab\u00e4r<\/li>\n<li>Ich und mein kleines Luxusproblem<\/li>\n<li>Babypoesie<\/li>\n<li>Schlicht&#038;Ergreifend<\/li>\n<\/ul>\n<p><a href=\"http:\/\/www.arno-wilhelm.de\/?page_id=905\"><img loading=\"lazy\" decoding=\"async\" class=\"alignnone wp-image-908 size-medium\" src=\"http:\/\/www.arno-wilhelm.de\/wp-content\/uploads\/2019\/04\/6-Weltuntergang-300x300.jpg\" alt=\"\" width=\"300\" height=\"300\" srcset=\"https:\/\/www.arno-wilhelm.de\/wp-content\/uploads\/2019\/04\/6-Weltuntergang-300x300.jpg 300w, https:\/\/www.arno-wilhelm.de\/wp-content\/uploads\/2019\/04\/6-Weltuntergang-150x150.jpg 150w, https:\/\/www.arno-wilhelm.de\/wp-content\/uploads\/2019\/04\/6-Weltuntergang-100x100.jpg 100w, https:\/\/www.arno-wilhelm.de\/wp-content\/uploads\/2019\/04\/6-Weltuntergang.jpg 499w\" sizes=\"auto, (max-width: 300px) 100vw, 300px\" \/><\/a><a href=\"http:\/\/blog.arno-wilhelm.de\/?page_id=638\"><img loading=\"lazy\" decoding=\"async\" class=\"alignnone size-medium wp-image-852\" src=\"http:\/\/www.arno-wilhelm.de\/wp-content\/uploads\/2018\/09\/Arno-Wilhelm-Ich-w\u00e4r-gern-ein-Pandab\u00e4r-300x300.png\" alt=\"\" width=\"300\" height=\"300\" srcset=\"https:\/\/www.arno-wilhelm.de\/wp-content\/uploads\/2018\/09\/Arno-Wilhelm-Ich-w\u00e4r-gern-ein-Pandab\u00e4r-300x300.png 300w, https:\/\/www.arno-wilhelm.de\/wp-content\/uploads\/2018\/09\/Arno-Wilhelm-Ich-w\u00e4r-gern-ein-Pandab\u00e4r-150x150.png 150w, https:\/\/www.arno-wilhelm.de\/wp-content\/uploads\/2018\/09\/Arno-Wilhelm-Ich-w\u00e4r-gern-ein-Pandab\u00e4r-100x100.png 100w, https:\/\/www.arno-wilhelm.de\/wp-content\/uploads\/2018\/09\/Arno-Wilhelm-Ich-w\u00e4r-gern-ein-Pandab\u00e4r.png 499w\" sizes=\"auto, (max-width: 300px) 100vw, 300px\" \/><\/a><a href=\"http:\/\/blog.arno-wilhelm.de\/?page_id=70\"><img loading=\"lazy\" decoding=\"async\" class=\"alignnone size-medium wp-image-860\" src=\"http:\/\/www.arno-wilhelm.de\/wp-content\/uploads\/2018\/09\/Arno-Wilhelm-BABYPOesie-300x300.png\" alt=\"\" width=\"300\" height=\"300\" srcset=\"https:\/\/www.arno-wilhelm.de\/wp-content\/uploads\/2018\/09\/Arno-Wilhelm-BABYPOesie-300x300.png 300w, https:\/\/www.arno-wilhelm.de\/wp-content\/uploads\/2018\/09\/Arno-Wilhelm-BABYPOesie-150x150.png 150w, https:\/\/www.arno-wilhelm.de\/wp-content\/uploads\/2018\/09\/Arno-Wilhelm-BABYPOesie-100x100.png 100w, https:\/\/www.arno-wilhelm.de\/wp-content\/uploads\/2018\/09\/Arno-Wilhelm-BABYPOesie.png 499w\" sizes=\"auto, (max-width: 300px) 100vw, 300px\" \/><\/a><a href=\"http:\/\/blog.arno-wilhelm.de\/?page_id=68\"><img loading=\"lazy\" decoding=\"async\" class=\"alignnone size-medium wp-image-855\" src=\"http:\/\/www.arno-wilhelm.de\/wp-content\/uploads\/2018\/09\/Arno-Wilhelm-Jack-Rodman-300x300.png\" alt=\"\" width=\"300\" height=\"300\" srcset=\"https:\/\/www.arno-wilhelm.de\/wp-content\/uploads\/2018\/09\/Arno-Wilhelm-Jack-Rodman-300x300.png 300w, https:\/\/www.arno-wilhelm.de\/wp-content\/uploads\/2018\/09\/Arno-Wilhelm-Jack-Rodman-150x150.png 150w, https:\/\/www.arno-wilhelm.de\/wp-content\/uploads\/2018\/09\/Arno-Wilhelm-Jack-Rodman-100x100.png 100w, https:\/\/www.arno-wilhelm.de\/wp-content\/uploads\/2018\/09\/Arno-Wilhelm-Jack-Rodman.png 499w\" sizes=\"auto, (max-width: 300px) 100vw, 300px\" \/><\/a><a href=\"http:\/\/blog.arno-wilhelm.de\/?page_id=66\"><img loading=\"lazy\" decoding=\"async\" class=\"alignnone size-medium wp-image-863\" src=\"http:\/\/www.arno-wilhelm.de\/wp-content\/uploads\/2018\/09\/Arno-Wilhelm-Ich-und-mein-kleines-Luxusproblem-300x300.png\" alt=\"\" width=\"300\" height=\"300\" srcset=\"https:\/\/www.arno-wilhelm.de\/wp-content\/uploads\/2018\/09\/Arno-Wilhelm-Ich-und-mein-kleines-Luxusproblem-300x300.png 300w, https:\/\/www.arno-wilhelm.de\/wp-content\/uploads\/2018\/09\/Arno-Wilhelm-Ich-und-mein-kleines-Luxusproblem-150x150.png 150w, https:\/\/www.arno-wilhelm.de\/wp-content\/uploads\/2018\/09\/Arno-Wilhelm-Ich-und-mein-kleines-Luxusproblem-100x100.png 100w, https:\/\/www.arno-wilhelm.de\/wp-content\/uploads\/2018\/09\/Arno-Wilhelm-Ich-und-mein-kleines-Luxusproblem.png 499w\" sizes=\"auto, (max-width: 300px) 100vw, 300px\" \/><\/a><a href=\"http:\/\/blog.arno-wilhelm.de\/?page_id=64\"><img loading=\"lazy\" decoding=\"async\" class=\"alignnone size-medium wp-image-858\" src=\"http:\/\/www.arno-wilhelm.de\/wp-content\/uploads\/2018\/09\/Arno-Wilhelm-Schlicht-Ergreifend-300x300.png\" alt=\"\" width=\"300\" height=\"300\" srcset=\"https:\/\/www.arno-wilhelm.de\/wp-content\/uploads\/2018\/09\/Arno-Wilhelm-Schlicht-Ergreifend-300x300.png 300w, https:\/\/www.arno-wilhelm.de\/wp-content\/uploads\/2018\/09\/Arno-Wilhelm-Schlicht-Ergreifend-150x150.png 150w, https:\/\/www.arno-wilhelm.de\/wp-content\/uploads\/2018\/09\/Arno-Wilhelm-Schlicht-Ergreifend-100x100.png 100w, https:\/\/www.arno-wilhelm.de\/wp-content\/uploads\/2018\/09\/Arno-Wilhelm-Schlicht-Ergreifend.png 499w\" sizes=\"auto, (max-width: 300px) 100vw, 300px\" \/><\/a><\/p>\n","protected":false},"excerpt":{"rendered":"<p>Romane Todsicher verschl\u00fcsselt Was man so alles tut kurz vor dem Weltuntergang Jack Rodman &#8211; die ganze Wahrheit Gedichtb\u00e4nde Intelligente Toaster Hackfleisch und Zwiebel sind von der Form zumeist Igel Ich w\u00e4r gern ein Pandab\u00e4r Ich und mein kleines Luxusproblem Babypoesie Schlicht&#038;Ergreifend<\/p>\n","protected":false},"author":1,"featured_media":0,"parent":0,"menu_order":0,"comment_status":"closed","ping_status":"open","template":"","meta":{"footnotes":""},"class_list":["post-6","page","type-page","status-publish","hentry"],"_links":{"self":[{"href":"https:\/\/www.arno-wilhelm.de\/index.php?rest_route=\/wp\/v2\/pages\/6","targetHints":{"allow":["GET"]}}],"collection":[{"href":"https:\/\/www.arno-wilhelm.de\/index.php?rest_route=\/wp\/v2\/pages"}],"about":[{"href":"https:\/\/www.arno-wilhelm.de\/index.php?rest_route=\/wp\/v2\/types\/page"}],"author":[{"embeddable":true,"href":"https:\/\/www.arno-wilhelm.de\/index.php?rest_route=\/wp\/v2\/users\/1"}],"replies":[{"embeddable":true,"href":"https:\/\/www.arno-wilhelm.de\/index.php?rest_route=%2Fwp%2Fv2%2Fcomments&post=6"}],"version-history":[{"count":16,"href":"https:\/\/www.arno-wilhelm.de\/index.php?rest_route=\/wp\/v2\/pages\/6\/revisions"}],"predecessor-version":[{"id":1204,"href":"https:\/\/www.arno-wilhelm.de\/index.php?rest_route=\/wp\/v2\/pages\/6\/revisions\/1204"}],"wp:attachment":[{"href":"https:\/\/www.arno-wilhelm.de\/index.php?rest_route=%2Fwp%2Fv2%2Fmedia&parent=6"}],"curies":[{"name":"wp","href":"https:\/\/api.w.org\/{rel}","templated":true}]}}