{"id":581,"date":"2014-08-19T11:03:18","date_gmt":"2014-08-19T11:03:18","guid":{"rendered":"http:\/\/arnowilhelm.wordpress.com\/?page_id=1"},"modified":"2023-03-14T15:18:53","modified_gmt":"2023-03-14T15:18:53","slug":"eine-seite","status":"publish","type":"page","link":"https:\/\/www.arno-wilhelm.de\/","title":{"rendered":"Herzlich Willkommen!"},"content":{"rendered":"<p>Sch\u00f6n, dass du hergefunden hast! Diese Seiten sollen dazu dienen, ein paar der Dinge, die mich ausmachen, festzuhalten und zusammenzuf\u00fchren. Du kannst die Neuigkeiten lesen, in denen auch hin und wieder meine neuesten Gedichte erscheinen, du kannst auch nachgucken, wann ich mal wieder auf einer B\u00fchne zu finden bin, wann meine Leseb\u00fchne das n\u00e4chste Mal ihren Weg ins Fernsehen findet, dich \u00fcber meine B\u00fccher und \u00fcber zuk\u00fcnftige Projekte informieren, Videos von Auftritten oder der Leseb\u00fchne angucken oder nat\u00fcrlich jederzeit gerne mit mir Kontakt aufnehmen.<\/p>\n","protected":false},"excerpt":{"rendered":"<p>Sch\u00f6n, dass du hergefunden hast! Diese Seiten sollen dazu dienen, ein paar der Dinge, die mich ausmachen, festzuhalten und zusammenzuf\u00fchren. Du kannst die Neuigkeiten lesen, in denen auch hin und wieder meine neuesten Gedichte erscheinen, du kannst auch nachgucken, wann ich mal wieder auf einer B\u00fchne zu finden bin, wann meine Leseb\u00fchne das n\u00e4chste Mal &hellip; <\/p>\n<p class=\"link-more\"><a href=\"https:\/\/www.arno-wilhelm.de\/\" class=\"more-link\"><span class=\"screen-reader-text\">\u201eHerzlich Willkommen!\u201c<\/span> weiterlesen<\/a><\/p>\n","protected":false},"author":1,"featured_media":0,"parent":0,"menu_order":-1,"comment_status":"closed","ping_status":"open","template":"","meta":{"footnotes":""},"class_list":["post-581","page","type-page","status-publish","hentry"],"_links":{"self":[{"href":"https:\/\/www.arno-wilhelm.de\/index.php?rest_route=\/wp\/v2\/pages\/581","targetHints":{"allow":["GET"]}}],"collection":[{"href":"https:\/\/www.arno-wilhelm.de\/index.php?rest_route=\/wp\/v2\/pages"}],"about":[{"href":"https:\/\/www.arno-wilhelm.de\/index.php?rest_route=\/wp\/v2\/types\/page"}],"author":[{"embeddable":true,"href":"https:\/\/www.arno-wilhelm.de\/index.php?rest_route=\/wp\/v2\/users\/1"}],"replies":[{"embeddable":true,"href":"https:\/\/www.arno-wilhelm.de\/index.php?rest_route=%2Fwp%2Fv2%2Fcomments&post=581"}],"version-history":[{"count":2,"href":"https:\/\/www.arno-wilhelm.de\/index.php?rest_route=\/wp\/v2\/pages\/581\/revisions"}],"predecessor-version":[{"id":1146,"href":"https:\/\/www.arno-wilhelm.de\/index.php?rest_route=\/wp\/v2\/pages\/581\/revisions\/1146"}],"wp:attachment":[{"href":"https:\/\/www.arno-wilhelm.de\/index.php?rest_route=%2Fwp%2Fv2%2Fmedia&parent=581"}],"curies":[{"name":"wp","href":"https:\/\/api.w.org\/{rel}","templated":true}]}}