{"id":10,"date":"2014-08-19T13:21:36","date_gmt":"2014-08-19T11:21:36","guid":{"rendered":"http:\/\/arnowilhelm.wordpress.com\/?page_id=10"},"modified":"2023-03-29T15:24:37","modified_gmt":"2023-03-29T15:24:37","slug":"uber-mich","status":"publish","type":"page","link":"https:\/\/www.arno-wilhelm.de\/?page_id=10","title":{"rendered":"\u00dcber Mich"},"content":{"rendered":"<p>Arno Wilhelm&#8230;<\/p>\n<p>&#8230; wurde 1988 in Karl-Marx-Stadt geboren<\/p>\n<p>&#8230; wuchs im Allg\u00e4u in der N\u00e4he des Disneyschlosses auf<\/p>\n<p>&#8230; spielte in mehreren Bands, unter anderem bei <a href=\"http:\/\/myspace.com\/wastedtimerocks\">Wasted Time<\/a>\u00a0als Schlagzeuger und Teilzeitbassist<\/p>\n<p>&#8230; spricht selten \u00fcber die anderen Bands, in denen er gespielt hat<\/p>\n<p>&#8230; lebt inzwischen schon lange in Berlin<\/p>\n<p>&#8230; benutzt kaum noch Larry deVito als K\u00fcnstlernamen<\/p>\n<p>&#8230; hat Informatik studiert<\/p>\n<p>&#8230; mag S\u00e4tze, die mit drei Punkten anfangen<\/p>\n<p>&#8230; schreibt gerne Gedichte<\/p>\n<p>&#8230; tritt nur noch selten bei Poetry Slams auf<\/p>\n<p>&#8230; hat im Jahr 2010 einen Gedichtband herausgebracht, den er sehr mag und der &#8222;Schlicht &amp; Ergreifend&#8220;\u00a0hei\u00dft<\/p>\n<p>&#8230; hat mal einen sehr kitschigen Roman geschrieben, aber nie rausgebracht<\/p>\n<p>&#8230; ver\u00f6ffentlichte im Sommer 2012 einen deutlich weniger kitschigen Roman namens &#8222;Jack Rodman &#8211; die ganze Wahrheit&#8220;<\/p>\n<p>&#8230; hat 2011 eine Leseb\u00fchne f\u00fcr Lyrik gegr\u00fcndet, die auf den Namen <a href=\"http:\/\/dichtungsring.wordpress.com\/\">Dichtungsring<\/a>\u00a0h\u00f6rt<\/p>\n<p>&#8230; durfte mit der Leseb\u00fchne ins Fernsehen zu ALEX Berlin wechseln<\/p>\n<p>&#8230; hat Anfang 2012 einen zweiten Gedichtband ver\u00f6ffentlicht, der sich <a title=\"Ich und mein kleines Luxusproblem\" href=\"http:\/\/blog.arno-wilhelm.de\/?page_id=66\">Ich und mein kleines Luxusproblem<\/a>\u00a0nennt<\/p>\n<p>&#8230; durfte 2013 seinen dritten Gedichtband <a title=\"BABYPOesie\" href=\"http:\/\/blog.arno-wilhelm.de\/?page_id=70\">&#8222;BABYPOesie &#8211; Gedichte mit Bauchzwerg&#8220;<\/a>\u00a0\u00fcber das Vatersein ver\u00f6ffentlichen<\/p>\n<p>&#8230; tr\u00e4umt davon mal ein ganzes H\u00f6rbuch einzusprechen und bei einem H\u00f6rspiel mitzuarbeiten<\/p>\n<p>&#8230; hat weitere Gedichtb\u00e4nde \u00fcber Pandab\u00e4ren und Mettigel (oder so \u00e4hnlich)\u00a0in die Welt geworfen<\/p>\n<p>&#8230; mag Pandab\u00e4ren<\/p>\n<p>&#8230; brachte 2019 seinen zweiten Roman <a href=\"https:\/\/www.arno-wilhelm.de\/?page_id=905\">&#8222;Was man so alles tut kurz vor dem Weltuntergang&#8220;<\/a> heraus<\/p>\n\n\n<p><\/p>\n","protected":false},"excerpt":{"rendered":"<p>Arno Wilhelm&#8230; &#8230; wurde 1988 in Karl-Marx-Stadt geboren &#8230; wuchs im Allg\u00e4u in der N\u00e4he des Disneyschlosses auf &#8230; spielte in mehreren Bands, unter anderem bei Wasted Time\u00a0als Schlagzeuger und Teilzeitbassist &#8230; spricht selten \u00fcber die anderen Bands, in denen er gespielt hat &#8230; lebt inzwischen schon lange in Berlin &#8230; benutzt kaum noch Larry &hellip; <\/p>\n<p class=\"link-more\"><a href=\"https:\/\/www.arno-wilhelm.de\/?page_id=10\" class=\"more-link\"><span class=\"screen-reader-text\">\u201e\u00dcber Mich\u201c<\/span> weiterlesen<\/a><\/p>\n","protected":false},"author":1,"featured_media":0,"parent":0,"menu_order":0,"comment_status":"closed","ping_status":"open","template":"","meta":{"footnotes":""},"class_list":["post-10","page","type-page","status-publish","hentry"],"_links":{"self":[{"href":"https:\/\/www.arno-wilhelm.de\/index.php?rest_route=\/wp\/v2\/pages\/10","targetHints":{"allow":["GET"]}}],"collection":[{"href":"https:\/\/www.arno-wilhelm.de\/index.php?rest_route=\/wp\/v2\/pages"}],"about":[{"href":"https:\/\/www.arno-wilhelm.de\/index.php?rest_route=\/wp\/v2\/types\/page"}],"author":[{"embeddable":true,"href":"https:\/\/www.arno-wilhelm.de\/index.php?rest_route=\/wp\/v2\/users\/1"}],"replies":[{"embeddable":true,"href":"https:\/\/www.arno-wilhelm.de\/index.php?rest_route=%2Fwp%2Fv2%2Fcomments&post=10"}],"version-history":[{"count":6,"href":"https:\/\/www.arno-wilhelm.de\/index.php?rest_route=\/wp\/v2\/pages\/10\/revisions"}],"predecessor-version":[{"id":1160,"href":"https:\/\/www.arno-wilhelm.de\/index.php?rest_route=\/wp\/v2\/pages\/10\/revisions\/1160"}],"wp:attachment":[{"href":"https:\/\/www.arno-wilhelm.de\/index.php?rest_route=%2Fwp%2Fv2%2Fmedia&parent=10"}],"curies":[{"name":"wp","href":"https:\/\/api.w.org\/{rel}","templated":true}]}}